{"id":847,"date":"2021-12-20T08:49:15","date_gmt":"2021-12-20T08:49:15","guid":{"rendered":"https:\/\/volunsailing.eu\/?page_id=847"},"modified":"2021-12-20T08:50:46","modified_gmt":"2021-12-20T08:50:46","slug":"zespol-2","status":"publish","type":"page","link":"https:\/\/volunsailing.eu\/?page_id=847&lang=ro","title":{"rendered":"Echipa noastr\u0103"},"content":{"rendered":"\n<p><\/p>\n\n\n\n\t<section class=\"section\" id=\"section_931159327\">\n\t\t<div class=\"bg section-bg fill bg-fill  \" >\n\n\t\t\t\n\t\t\t\n\t\t\t\n\n\t\t<\/div>\n\n\t\t<div class=\"section-content relative\">\n\t\t\t\n\n\n\t\t<\/div>\n\n\t\t\n<style>\n#section_931159327 {\n  padding-top: 30px;\n  padding-bottom: 30px;\n  min-height: 500px;\n}\n#section_931159327 .section-bg.bg-loaded {\n  background-image: url(https:\/\/volunsailing.eu\/wp-content\/uploads\/2021\/08\/P1039543-scaled.jpg);\n}\n#section_931159327 .section-bg {\n  background-position: 53% 19%;\n}\n<\/style>\n\t<\/section>\n\t\n\t<section class=\"section\" id=\"section_860475238\">\n\t\t<div class=\"bg section-bg fill bg-fill  bg-loaded\" >\n\n\t\t\t\n\t\t\t\n\t\t\t\n\n\t\t<\/div>\n\n\t\t<div class=\"section-content relative\">\n\t\t\t\n\n<div class=\"row row-collapse align-center\"  id=\"row-1289756819\">\n\n\n\t<div id=\"col-617730618\" class=\"col medium-11 small-12 large-11\"  >\n\t\t\t\t<div class=\"col-inner\" style=\"background-color:rgb(255,255,255);\" >\n\t\t\t\n\t\t\t\n\n\t<div id=\"text-2761776418\" class=\"text\">\n\t\t\n\n<h1 style=\"text-align: center;\">Echipa noastr\u0103<\/h1>\n\t\t\n<style>\n#text-2761776418 {\n  font-size: 1.3rem;\n}\n<\/style>\n\t<\/div>\n\t\n\t<div id=\"gap-652333732\" class=\"gap-element clearfix\" style=\"display:block; height:auto;\">\n\t\t\n<style>\n#gap-652333732 {\n  padding-top: 30px;\n}\n<\/style>\n\t<\/div>\n\t\n\n<div>\n<p><strong>Lider de proiect \u2013 Asocia\u021bia Polonez\u0103 de Yachting:<\/strong><\/p>\n<p><strong>Maciej Szafran<\/strong>, coordonatorul proiectului, este, de asemenea: coordonatorul comisiei de preg\u0103tire \u0219i dezvoltare pentru yachting, pre\u0219edintele Departamentului de Instruire \u0219i Dezvoltare al Asocia\u021biei Poloneze de Yachting, membru al Comitetului pentru Dezvoltare \u0219i Regiuni al Federa\u021biei Interna\u021bionale de Yachting, directorul Clubului Sportiv AZS AWFiS din Gda\u0144sk, fost manager al Centrului Na\u021bional de Yachting din cadrul Universit\u0103\u021bii de Educa\u021bie Fizic\u0103 \u0219i Sport din Gda\u0144sk (2017-2021), coordonatorul \u201ePolSailing\u201d \u2013 Programul de educa\u021bie pentru yachting \u00een Polonia, coordonatorul activit\u0103\u021bilor de yachting din proiectul \u201eKinder: Joy\u201d of Moving\u201d. Maciej Szafran de\u021bine o diplom\u0103 de master \u00een educa\u021bie fizic\u0103. Este antrenor de yachting de nivel 2 \u0219i instructor de windsurfing. De asemenea, de\u021bine o diplom\u0103 postuniversitar\u0103 \u00een Management Sportiv (FIFA\/CIES), precum \u0219i \u00een Psihologia Leadershipului \u00een Organiza\u021bii. \u00cen plus, experien\u021ba sa include 8 ani de munc\u0103 de antrenament \u0219i instruire \u0219i este active membru al Clubului de yachting Gda\u0144sk (membru al Consiliului de Administra\u021bie pentru Dezvoltare). Are o experien\u021b\u0103 de 8 ani \u00een gestionarea Programului Na\u021bional de Educa\u021bie Na\u021bional\u0103 de Yachting al\u0103turi de numeroase alte proiecte \u00een domeniul sporturilor de performan\u021b\u0103 \u0219i recreative. De 15 ani este implicat \u00een organizarea de evenimente \u0219i competi\u021bii sportive legate de naviga\u021bia cu vele. A organizat 9 seminarii interna\u021bionale \u00een colaborare cu World Sailing \u00eentre 2014 \u0219i 2019. Este delegatul Asocia\u021biei Poloneze de Yachting la Simpozionul Mondial de Dezvoltare a Yachtingului. \u00cen cadrul proiectului \u201eVolunSailing\u201d Maciej este responsabil de preg\u0103tirea atelierelor \u0219i de atribuirea metodologiei corecte, a sarcinilor \u0219i activit\u0103\u021bilor \u00eentreprinse pe parcursul proiectului. De asemenea, este responsabil de colaborarea cu designerul grafic, \u00een ceea ce prive\u0219te aspectul identific\u0103rii vizuale a proiectului.<\/p>\n<p><strong>Dr. Anna Maria Kuder<\/strong>, Coordonatorul adjunct al proiectului, este : angajat\u0103 a Asocia\u021biei Poloneze de Yachting (colaboreaz\u0103 cu Departamentele: Instruire \u0219i Dezvoltare, Sport, Marketing \u0219i Comunicare), \u2013 autoarea programului de voluntariat al Asocia\u021biei (creat \u00een 2019). ) \u0219i coordonatorul programului (https:\/\/pya.org.pl\/polski-zwiazek-zeglarski\/page\/wolontariat-pzz\/), cercet\u0103tor la Universitatea din Var\u0219ovia, specialist \u00een comunicare (cu doctorat \u00een lingvistic\u0103); ea comunic\u0103 fluent prin limbajul semnelor. \u0218i-a c\u00e2\u0219tigat experien\u021ba organiza\u021bional\u0103 cooper\u00e2nd cu parteneri interna\u021bionali \u0219i c\u0103l\u0103torind \u00een \u021b\u0103rile partenere pentru implementarea multor proiecte educa\u021bionale interna\u021bionale. A fost secretarul general al Comitetului de Organizare al Conferin\u021bei Interna\u021bionale SIGN9 (desf\u0103\u0219urat\u0103 la Var\u0219ovia \u00een 2018). Ea a fost implicat\u0103 \u00een organizarea Volvo Gdynia Sailing Days 2019 \u0219i \u00een alte numeroase evenimente \u0219i proiecte legate de yachting \u00een cadrul Asocia\u021biei. \u00cen proiectul \u201eVolunSailing\u201d Anna este responsabil\u0103 de problemele administrative \u0219i formale. \u00cen calitate de specialist \u00een comunicare, ea va fi responsabil\u0103 de colaborarea cu traduc\u0103torii \u0219i de realizarea versiunii finale a tuturor documentelor publicate pe site-ul proiectului.<\/p>\n<\/div>\n<div><strong style=\"color: #555555;\">Weronika Dyjas<\/strong><span style=\"color: #555555;\">, Coordonatorul Analitic, este, de asemenea: &#8211; un angajat al Asocia\u021biei Poloneze de Yachting care lucreaz\u0103 \u00een Departamentul de Instruire \u0219i Dezvoltare, Coordonatorul adjunct al Programului Na\u021bional de Educa\u021bie Na\u021bional\u0103 \u201ePolSailing\u201d. De\u021bine o diplom\u0103 de Master \u00een Managementul Calit\u0103\u021bii \u0219i Inginerie de produc\u021bie. Este instructor de yachting \u00een cadrul asocia\u021biei \u0219i are 10 ani de experien\u021b\u0103 \u00een preg\u0103tirea \u0219i examinarea aferen\u021b\u0103 ob\u021binerii brevetelor de naviga\u021bie pentru ambarca\u021biuni cu motor la Clubul de Yachting REDA. Experien\u021ba ei include, de asemenea, 3 ani de gestionare a proiectelor de educa\u021bie maritim\u0103 desf\u0103\u0219urate pe nave cu vele \u0219i 5 ani de implementare a proiectelor care vizeaz\u0103 promovarea naviga\u021biei \u00een cooperare cu administra\u021bia public\u0103, inclusiv cu Ministerul Polonez al Sportului \u0219i Turismului \u0219i cu Ministerul Polonez al Ap\u0103r\u0103rii Na\u021bionale. \u00cen cadrul proiectului \u201eVolunSailing\u201d Weronika va fi responsabil\u0103 cu efectuarea analizelor formale, ea va colabora str\u00e2ns cu echipa din Rom\u00e2nia atunci c\u00e2nd vine vorba de manipularea datelor de proiect, analize statistice \u0219i baze de date. Ea va fi, de asemenea, responsabil\u0103 de colaborarea cu un specialist IT desemnat s\u0103 creeze \u0219i s\u0103 securizeze pagina web a proiectului.<\/span><\/div>\n<div>\n<p><strong>Anna Sokulska<\/strong> este angajat\u0103 \u00een cadrul biroului Asocia\u021biei Polonez\u0103 de Yachting \u00een departamentul de contabilitate din 2012. Ea se ocup\u0103 \u00een principal de deconturile echipei na\u021bionale de juniori \u00een cooperare cu administra\u021bia public\u0103, inclusiv cu Ministerul Sportului \u0219i Turismului \u0219i alte proiecte ministeriale mai mici, ca precum \u0219i activit\u0103\u021bile statutare \u0219i comerciale ale asocia\u021biei, inclusiv festivalul de yachting Gdynia Sailing Days \u0219i alte evenimente \u0219i proiecte de naviga\u021bie cu vele.\u00a0A absolvit Universitatea din Var\u0219ovia \u00een domeniul Studii Europene cu specializarea \u00een securitate interna\u021bional\u0103. \u00cen timpul studiilor, a \u00eenv\u0103\u021bat cum s\u0103 achizi\u021bioneze \u0219i s\u0103 contabilizeze fonduri europene. Ea de\u021bine, de asemenea, o diplom\u0103 de licen\u021b\u0103 \u00een sociologie.<\/p>\n<p><strong>Martyna Rawicz-Rutkowska<\/strong> este, de asemenea, angajat\u0103 a Asocia\u021biei Poloneze de Yachting care lucreaz\u0103 \u00een cadrul Departamentului Sport; coordonator al programului de formare a antrenorilor \u201ePYA coach academy\u201d; coordonator al biroului de competi\u021bii. Ea \u0219i-a \u00eenceput cooperarea cu PYA printr-un stagiu depractic\u0103 pe c\u00e2nd era student\u0103. Este implicat\u0103 \u00een organizarea de evenimente \u0219i proiecte na\u021bionale \u0219i interna\u021bionale legate de yachting. De\u021bine o diplom\u0103 de master \u00een management sportiv. \u00cen prezent, \u00een timpul programului s\u0103u de master \u00een Managementul Turismului Durabil \u00een Portugalia. Ea consider\u0103 c\u0103 aceste studii \u00eei sunt utile \u00een colaborarea ei cu Asocia\u021bia Polonez\u0103 de Yachting. A fost mereu implicat\u0103 \u00een sport \u0219i este instructor de gimnastic\u0103 acrobatic\u0103 \u0219i animator de tenis. Martyna a participat la schimbul de studen\u021bi Erasmus+ \u00een Portugalia, care a avut un impact pozitiv asupra abilit\u0103\u021bilor ei de comunicare interuman\u0103.<\/p>\n<p>\u00a0<\/p>\n<\/div>\n<div>\n<p><strong>Partener de proiect \u2013 Asocia\u021bia Ungar\u0103 de Yachting:<\/strong><\/p>\n<\/div>\n<div><strong style=\"color: #555555;\">Andr\u00e1s Holczhauser<\/strong><span style=\"color: #555555;\"> este secretarul general al Federa\u021biei Maghiare de Yachting din 2013. \u00cen anii s\u0103i \u00een func\u021bie, bugetul federa\u021biei s-a triplat, au \u00eenceput proiecte de agrement finan\u021bate de UE, num\u0103rul de programe interna\u021bionale la federa\u021bie a crescut \u0219i rezultatele sportivilor de top sunt mai bune dec\u00e2t oric\u00e2nd. Fiind profesor ca profesie, el crede \u00een crearea de posibilit\u0103\u021bi de \u00eenv\u0103\u021bare \u00een cadrul HSF, care pot ajuta la continuarea cre\u0219terii organiza\u021biei \u0219i a comunit\u0103\u021bii de yachting. \u00cen proiectul \u201eVolunSailing\u201d, Andr\u00e1s reprezint\u0103 Federa\u021bia Maghiar\u0103 de Yachting \u00een calitate de secretar general al acesteia. El urmeaz\u0103 s\u0103 prezinte progresul proiectului pre\u0219edin\u021biei HSF \u0219i, de asemenea, secretarului de stat al Ungariei atunci c\u00e2nd este nevoie. Andr\u00e1s este, de asemenea, deputat HSF la EUROSAF \u0219i World Sailing. Pe m\u0103sur\u0103 ce lucrarea avanseaz\u0103 \u0219i c\u00e2nd implicarea acestor organiza\u021bii va deveni necesar\u0103, vom putea colabora cu succes datorit\u0103 bunelor sale rela\u021bii. \u00cen plus, Andras va fi responsabil de colaborarea cu grupul media HSF \u00een ceea ce prive\u0219te promovarea intern\u0103 \u0219i ulterior interna\u021bional\u0103 a proiectului.<\/span><\/div>\n<div>\n<p><strong>R\u00e9ka Fluck<\/strong> este coordonator sportiv \u0219i \u0219eful biroului Federa\u021biei Maghiare de Naviga\u021bie. R\u00e9ka se ocup\u0103 de sistemul maghiar de management al curselor, \u0219i anume de coordonarea evenimentelor, reguli, sisteme de evaluare, ea \u021bine leg\u0103tura cu urm\u0103toarele comitete: Management al concursurilor, Judec\u0103tori, Tehnic, Comitetul pentru Ambarca\u021biuni Lestate. Ea este responsabil\u0103 \u0219i de cursele organizate de Federa\u021bia Maghiar\u0103 de Yachting, dintre care una este K\u00e9kszalag, care este cea mai lung\u0103 regata de \u00eenconjurare a unui lac din Europa. R\u00e9ka este una dintre persoanele responsabile cu organizarea activit\u0103\u021bilor de pe ap\u0103 a regatelor. De asemenea, este membr\u0103 a comitetului de organizare la mai multe evenimente interna\u021bionale, precum: Finn Silver Cup, Melges24 European Championship, 420-470 Youth European Championship, Laser Youth World Championship. R\u00e9ka va coordona proiectul \u201eVolunSailing\u201d \u00een Ungaria. Ea se va ocupa de implementarea sistemului maghiar. Ea va examina situa\u021bia voluntariatului domestic; ea va prezenta statistici interne \u0219i autorit\u0103\u021bi de reglementare din \u021b\u0103rile partenere. Pe l\u00e2ng\u0103 traducerea documentelor completate, ea va organiza \u0219i a doua \u00eent\u00e2lnire a grupului de lucru, care va avea loc \u00een Ungaria.<\/p>\n<p><strong>Nikolett Somogyi<\/strong> organizeaz\u0103 de 4 ani competi\u021bii de yachting. Ea are calific\u0103rile de judec\u0103tor \u0219i ofi\u021ber de curs\u0103 \u00een Ungaria. \u00cen regatele noastre, ea face de obicei parte din echipa de scoring. De asemenea, a fost implicat\u0103 \u00een organizarea mai multor competi\u021bii, de exemplu: K\u00e9kszalag care este cea mai mare regat\u0103 din Ungaria; Campionatul European Dragon \u0219i mai multe alte competi\u021bii din diferite clase precum Optimist, ILCA, Melges24. Nikolett a fost implicat\u0103 \u00een recrutarea voluntarilor \u00een timpul colajului \u0219i a participat \u0219i la programe de voluntariat. \u00cen proiectul \u201eVolunSailing\u201d ea va fi responsabil\u0103 cu demonstrarea organiz\u0103rii activit\u0103\u021bii de voluntariat \u00een practic\u0103 \u00een timpul regatei K\u00e9kszalag.<\/p>\n<\/div>\n<div><strong>Katalin Mohos<\/strong> este directorul de birou al Federa\u021biei Maghiare de Naviga\u021bie, unde coordoneaz\u0103 munca colegilor s\u0103i \u0219i particip\u0103 activ la organizarea \u0219i organizarea competi\u021biilor. Katie este profesoar\u0103 de limba german\u0103 \u0219i are \u0219i o diplom\u0103 \u00een economie. Ea navigheaz\u0103 \u00eenc\u0103 din copil\u0103rie \u0219i ulterior a absolvit antrenorul. Are o vast\u0103 experien\u021b\u0103 \u00een voluntariat deoarece i-a \u00eenv\u0103\u021bat pe copii \u0219i pe adul\u021bi s\u0103 navigheze mul\u021bi ani. Katie navigheaz\u0103 regulat \u00een timpul liber \u0219i \u00eei place s\u0103 c\u0103l\u0103toreasc\u0103 cu familia ei. Cu experien\u021ba ei, ea va contribui foarte mult la finalizarea registrului de caz al proiectului Volunsailing.<\/div>\n<div>\u00a0<\/div>\n<div>\u00a0<\/div>\n<div>\n<p><strong>Partener de proiect \u2013 Asocia\u021bia Club Sportiv Wind Hunters<\/strong><\/p>\n<\/div>\n<div><strong style=\"color: #555555;\">Alexandru Octavian Micu<\/strong><span style=\"color: #555555;\"> este: Pre\u0219edintele Asocia\u021biei Club Sportiv Wind Hunters, antrenor rom\u00e2n de yachting, \u0219i participant la Bursa Solidarit\u0103\u021bii Olimpice pentru Antrenori de yachting\u00a0 \u00een 2016. Este Pre\u0219edintele Federa\u021biei Rom\u00e2ne de Yachting (2018-2020) \u0219i lector universitar la Universitatea Maritim\u0103 din Constan\u021ba unde pred\u0103 lec\u021bii de Educa\u021bie Fizic\u0103 \u0219i Sport, practic\u0103 marin\u0103reasc\u0103 \u0219i conduce cercuri sportive de yachting \u0219i canoe. La Universitatea Maritim\u0103 din Constan\u021ba a participat la urm\u0103toarele proiecte Erasmus+: TCC-SCV, NEOCOL, SeaMap. \u00cen cadrul proiectului \u201eVolunSailing\u201d Alexandru Micu va fi responsabil cu gestionarea activit\u0103\u021bilor partenerului rom\u00e2n.<\/span><\/div>\n<div>\n<p><strong>Alexandru Straton<\/strong> Este lector universitar la Universitatea Maritim\u0103 din Constan\u021ba unde pred\u0103 lec\u021bii de Educa\u021bie Fizic\u0103 \u0219i Sport, practic\u0103\u00a0 marin\u0103reasc\u0103 \u0219i particip\u0103 la organizarea cercurilor sportive de naviga\u021bie \u0219i canoe. Straton Alexandru este instructor de fitness la PhosphorGym si SanGym Brick din Constanta. La Universitatea Maritim\u0103 din Constan\u021ba a participat la urm\u0103toarele proiecte Erasmus+: TCC-SCV, NEOCOL, SeaMap. \u00cen cadrul proiectului \u201eVolunSailing\u201d Alexandru Straton se va ocupa de cercetarea \u0219i statistica datelor rezultatelor proiectului.<\/p>\n<p><strong>Armando-Aurelian Zahariade<\/strong> Este un voluntar active al asocia\u021biei \u0219i a participat ca trimmer de rand\u0103 \u00een echipajul Simina 2 la edi\u021biile 2018 \u0219i 2019 ale Campionatului Na\u021bional de Offshore al Rom\u00e2niei. A absolvit Academia de Studii Economice, Bucure\u0219ti, la profilul: Managementul Firmei \u00een 2008. De asemenea, are o diplom\u0103 de \u201dAsistent manager HoReCa\u201d \u00een 1998 eliberat\u0103 de Camera de Comer\u021b, Industrie, Transport Na\u021bional \u0219i Agricultur\u0103. Este p\u00e2n\u0103 acum (2020) managerul Nautic Expert SRL \u00eenregistrat\u0103 \u00een Constan\u021ba. \u00cen cadrul proiectului \u201eVolunSailing\u201d Armando Zahariade se va ocupa de activit\u0103\u021bile de diseminare pe canalele de socializare din Rom\u00e2nia.<\/p>\n<\/div>\n\n\t\t<\/div>\n\t\t\t\t\n<style>\n#col-617730618 > .col-inner {\n  padding: 20px 10px 10px 10px;\n  margin: -50px 0px 0px 0px;\n  border-radius: 30px;\n}\n@media (min-width:550px) {\n  #col-617730618 > .col-inner {\n    padding: 50px 50px 50px 50px;\n    margin: -150px 0px 0px 0px;\n  }\n}\n<\/style>\n\t<\/div>\n\n\t\n\n<\/div>\n\n\t\t<\/div>\n\n\t\t\n<style>\n#section_860475238 {\n  padding-top: 30px;\n  padding-bottom: 30px;\n  background-color: rgb(26, 46, 94);\n}\n<\/style>\n\t<\/section>\n\t\n\n","protected":false},"excerpt":{"rendered":"","protected":false},"author":1,"featured_media":0,"parent":0,"menu_order":0,"comment_status":"closed","ping_status":"closed","template":"page-blank.php","meta":{"_bbp_topic_count":0,"_bbp_reply_count":0,"_bbp_total_topic_count":0,"_bbp_total_reply_count":0,"_bbp_voice_count":0,"_bbp_anonymous_reply_count":0,"_bbp_topic_count_hidden":0,"_bbp_reply_count_hidden":0,"_bbp_forum_subforum_count":0},"_links":{"self":[{"href":"https:\/\/volunsailing.eu\/index.php?rest_route=\/wp\/v2\/pages\/847"}],"collection":[{"href":"https:\/\/volunsailing.eu\/index.php?rest_route=\/wp\/v2\/pages"}],"about":[{"href":"https:\/\/volunsailing.eu\/index.php?rest_route=\/wp\/v2\/types\/page"}],"author":[{"embeddable":true,"href":"https:\/\/volunsailing.eu\/index.php?rest_route=\/wp\/v2\/users\/1"}],"replies":[{"embeddable":true,"href":"https:\/\/volunsailing.eu\/index.php?rest_route=%2Fwp%2Fv2%2Fcomments&post=847"}],"version-history":[{"count":8,"href":"https:\/\/volunsailing.eu\/index.php?rest_route=\/wp\/v2\/pages\/847\/revisions"}],"predecessor-version":[{"id":855,"href":"https:\/\/volunsailing.eu\/index.php?rest_route=\/wp\/v2\/pages\/847\/revisions\/855"}],"wp:attachment":[{"href":"https:\/\/volunsailing.eu\/index.php?rest_route=%2Fwp%2Fv2%2Fmedia&parent=847"}],"curies":[{"name":"wp","href":"https:\/\/api.w.org\/{rel}","templated":true}]}}