{"id":735,"date":"2021-08-12T08:27:52","date_gmt":"2021-08-12T08:27:52","guid":{"rendered":"https:\/\/volunsailing.eu\/?page_id=735"},"modified":"2022-12-28T08:03:44","modified_gmt":"2022-12-28T08:03:44","slug":"zespol-2","status":"publish","type":"page","link":"https:\/\/volunsailing.eu\/?page_id=735&lang=hu","title":{"rendered":"Zesp\u00f3\u0142"},"content":{"rendered":"\n<p><\/p>\n\n\n\n\t<section class=\"section\" id=\"section_1425866086\">\n\t\t<div class=\"bg section-bg fill bg-fill  \" >\n\n\t\t\t\n\t\t\t\n\t\t\t\n\n\t\t<\/div>\n\n\t\t<div class=\"section-content relative\">\n\t\t\t\n\n\n\t\t<\/div>\n\n\t\t\n<style>\n#section_1425866086 {\n  padding-top: 30px;\n  padding-bottom: 30px;\n  min-height: 500px;\n}\n#section_1425866086 .section-bg.bg-loaded {\n  background-image: url(https:\/\/volunsailing.eu\/wp-content\/uploads\/2021\/08\/P1039543-scaled.jpg);\n}\n#section_1425866086 .section-bg {\n  background-position: 53% 19%;\n}\n<\/style>\n\t<\/section>\n\t\n\t<section class=\"section\" id=\"section_982868850\">\n\t\t<div class=\"bg section-bg fill bg-fill  bg-loaded\" >\n\n\t\t\t\n\t\t\t\n\t\t\t\n\n\t\t<\/div>\n\n\t\t<div class=\"section-content relative\">\n\t\t\t\n\n<div class=\"row row-collapse align-center\"  id=\"row-1228714360\">\n\n\n\t<div id=\"col-591813650\" class=\"col medium-11 small-12 large-11\"  >\n\t\t\t\t<div class=\"col-inner\" style=\"background-color:rgb(255,255,255);\" >\n\t\t\t\n\t\t\t\n\n\t<div id=\"text-1040267133\" class=\"text\">\n\t\t\n\n<h1 style=\"text-align: center;\">CSAPATUNK<\/h1>\n\t\t\n<style>\n#text-1040267133 {\n  font-size: 1.3rem;\n}\n<\/style>\n\t<\/div>\n\t\n\t<div id=\"gap-1347023240\" class=\"gap-element clearfix\" style=\"display:block; height:auto;\">\n\t\t\n<style>\n#gap-1347023240 {\n  padding-top: 30px;\n}\n<\/style>\n\t<\/div>\n\t\n\n<div>\n<p style=\"font-weight: 400;\"><strong>Projekt vezet\u0151je \u2013 Lengyel Vitorl\u00e1s Sz\u00f6vets\u00e9g<\/strong><strong style=\"color: #333333; font-size: 14.4px;\">:<\/strong><\/p>\n<\/div>\n<div>\n<p style=\"font-weight: 400;\"><strong>Maciej Szafran<\/strong>, a projekt koordin\u00e1tora, Vitorl\u00e1sk\u00e9pz\u00e9si \u00e9s Fejleszt\u00e9si Koordin\u00e1tor,<\/p>\n<p style=\"font-weight: 400;\">-a Lengyel Vitorl\u00e1s Sz\u00f6vets\u00e9g k\u00e9pz\u00e9si \u00e9s fejleszt\u00e9si oszt\u00e1ly\u00e1nak vezet\u0151je,<\/p>\n<p style=\"font-weight: 400;\">-a Vitorl\u00e1s Vil\u00e1gfejleszt\u00e9si \u00e9s R\u00e9gi\u00f3k Bizotts\u00e1g\u00e1nak tagja<\/p>\n<p style=\"font-weight: 400;\">-z Sport Club AZS igazgat\u00f3ja Az AWFiS Gda\u0144skban<\/p>\n<p style=\"font-weight: 400;\">-a Gda\u0144ski Testnevel\u00e9si \u00e9s Sportegyetem Nemzeti Vitorl\u00e1s K\u00f6zpontj\u00e1nak igazgat\u00f3ja (2017-2021),<\/p>\n<p style=\"font-weight: 400;\">-a \u201ePolSailing\u201d -a lengyel vitorl\u00e1s oktat\u00e1si program koordin\u00e1tora<\/p>\n<p style=\"font-weight: 400;\">-a \u201eKinder: Joy\u201d koordin\u00e1tora a k\u00f6lt\u00f6z\u00e9sr\u0151l \u201dprojekt vitorl\u00e1s r\u00e9sz\u00e9ben,<\/p>\n<p style=\"font-weight: 400;\">Maciej Szafran testnevel\u00e9si mesterdiplom\u00e1val rendelkezik. 2. szint\u0171 vitorl\u00e1sedz\u0151 \u00e9s sz\u00f6rf oktat\u00f3. Ezenk\u00edv\u00fcl posztgradu\u00e1lis diplom\u00e1val rendelkezik a sportmenedzsment (FIFA\/CIES), valamint a szervezetek vezet\u0151i pszichol\u00f3gi\u00e1ja ter\u00fclet\u00e9n. S\u0151t, tapasztalatai k\u00f6z\u00e9 tartozik a 8 \u00e9ves edz\u0151i \u00e9s oktat\u00f3i munka, valamint a Gda\u0144ski Vitorl\u00e1s Klub aktivist\u00e1ja (azaz a Fejleszt\u00e9si Igazgat\u00f3tan\u00e1cs tagja). Nyolc \u00e9ves tapasztalattal rendelkezik a Nemzeti Vitorl\u00e1s Oktat\u00e1si Program ir\u00e1ny\u00edt\u00e1s\u00e1ban, valamint sz\u00e1mos verseny- \u00e9s szabadid\u0151sport ter\u00fclet\u00e9n. 15 \u00e9ve foglalkozik vitorl\u00e1z\u00e1ssal kapcsolatos rendezv\u00e9nyek \u00e9s sportversenyek szervez\u00e9s\u00e9vel. 2014 \u00e9s 2019 k\u00f6z\u00f6tt 9 nemzetk\u00f6zi szemin\u00e1riumot szervezett a World Sailing egy\u00fcttm\u0171k\u00f6d\u00e9s\u00e9vel. \u0150 a Lengyel Vitorl\u00e1s Sz\u00f6vets\u00e9g deleg\u00e1ltja a World Sailing Development Symposiumon. A \u201eVolunSailing\u201d projektben Maciej lesz felel\u0151s a m\u0171helyek el\u0151k\u00e9sz\u00edt\u00e9s\u00e9\u00e9rt \u00e9s a helyes m\u00f3dszertan hozz\u00e1rendel\u00e9s\u00e9\u00e9rt a projekt sor\u00e1n v\u00e1llalt feladatokhoz \u00e9s tev\u00e9kenys\u00e9gekhez. Felel\u0151s lesz a grafikus tervez\u0151vel val\u00f3 egy\u00fcttm\u0171k\u00f6d\u00e9s\u00e9rt is, amely a projekt vizu\u00e1lis azonos\u00edt\u00e1s\u00e1nak megjelen\u00e9s\u00e9t illeti.<\/p>\n<\/div>\n<div>\u00a0<\/div>\n<div>\n<p style=\"font-weight: 400;\"><strong>Dr. Anna Maria Kuder<\/strong>, a projektkoordin\u00e1tor helyettese, tov\u00e1bb\u00e1: &#8211; a Lengyel Vitorl\u00e1s Sz\u00f6vets\u00e9g alkalmazottja (a k\u00f6vetkez\u0151 oszt\u00e1lyokkal dolgozik egy\u00fctt: K\u00e9pz\u00e9s \u00e9s fejleszt\u00e9s, Sport, Marketing \u00e9s Kommunik\u00e1ci\u00f3), &#8211; a Sz\u00f6vets\u00e9g \u00f6nk\u00e9ntes programj\u00e1nak szerz\u0151je (2019 -ben j\u00f6tt l\u00e9tre) \u00e9s a program koordin\u00e1tora (https:\/\/pya.org.pl\/polski-zwiazek-zeglarski\/page\/wolontariat-pzz\/),-a Vars\u00f3i Egyetem kutat\u00f3ja,-kommunik\u00e1ci\u00f3s szakember (nyelvtudom\u00e1nyi doktori c\u00edmmel) ; foly\u00e9konyan besz\u00e9l lengyel jelnyelvben. Szervez\u00e9si tapasztalatait a nemzetk\u00f6zi partnerekkel val\u00f3 egy\u00fcttm\u0171k\u00f6d\u00e9s \u00e9s a partnerorsz\u00e1gokba val\u00f3 utaz\u00e1s sor\u00e1n szerezte sz\u00e1mos nemzetk\u00f6zi oktat\u00e1si projekt megval\u00f3s\u00edt\u00e1sa \u00e9rdek\u00e9ben. F\u0151titk\u00e1ra volt a SIGN9 nemzetk\u00f6zi konferencia (Vars\u00f3ban 2018 -ban tartott) nemzetk\u00f6zi szervez\u0151bizotts\u00e1g\u00e1nak. R\u00e9szt vett a 2019 -es Volvo Gdynia Sailing Days szervez\u00e9s\u00e9ben, valamint sz\u00e1mos m\u00e1s, a vitorl\u00e1z\u00e1ssal kapcsolatos esem\u00e9nyben \u00e9s projektben az Egyes\u00fclet keret\u00e9ben. A \u201eVolunSailing\u201d projektben Anna lesz felel\u0151s az adminisztrat\u00edv \u00e9s formai k\u00e9rd\u00e9sek\u00e9rt. Kommunik\u00e1ci\u00f3s szakemberk\u00e9nt \u0151 lesz felel\u0151s a ford\u00edt\u00f3kkal val\u00f3 egy\u00fcttm\u0171k\u00f6d\u00e9s\u00e9rt \u00e9s a projekt honlapj\u00e1n k\u00f6zz\u00e9tett \u00f6sszes dokumentum v\u00e9gleges v\u00e1ltozat\u00e1nak elk\u00e9sz\u00edt\u00e9s\u00e9\u00e9rt.<\/p>\n<\/div>\n<div>\n<p style=\"font-weight: 400;\"><strong>Weronika Dyjas<\/strong>, az elemz\u0151 koordin\u00e1tor, tov\u00e1bb\u00e1: -sz\u00f6vets\u00e9g alkalmazottja, a K\u00e9pz\u00e9si \u00e9s Fejleszt\u00e9si Oszt\u00e1lyon dolgozik, -a \u201ePolSailing\u201d Nemzeti Vitorl\u00e1soktat\u00e1si Program koordin\u00e1torhelyettese. Termel\u00e9stechnika. Az Egyes\u00fclet vitorl\u00e1s oktat\u00f3ja, \u00e9s 10 \u00e9ves tapasztalattal rendelkezik a vitorl\u00e1s \u00e9s motorcs\u00f3nak szabadalmak k\u00e9pz\u00e9s\u00e9ben \u00e9s vizsg\u00e1lat\u00e1ban a REDA Sailing Clubban. Szakmai tapasztalatai k\u00f6z\u00e9 tartozik a vitorl\u00e1s haj\u00f3kon v\u00e9gzett tengeri oktat\u00e1si projektek 3 \u00e9ves ir\u00e1ny\u00edt\u00e1sa, valamint 5 \u00e9v a vitorl\u00e1z\u00e1s n\u00e9pszer\u0171s\u00edt\u00e9s\u00e9t c\u00e9lz\u00f3 projektek v\u00e9grehajt\u00e1sa a k\u00f6zigazgat\u00e1ssal, k\u00f6zt\u00fck a lengyel Sport- \u00e9s Turisztikai Miniszt\u00e9riummal \u00e9s a Lengyel Nemzetv\u00e9delmi Miniszt\u00e9riummal egy\u00fcttm\u0171k\u00f6dve. A \u201eVolunSailing\u201d projektben Weronika lesz felel\u0151s a hivatalos elemz\u00e9sek elv\u00e9gz\u00e9s\u00e9\u00e9rt, \u00e9s szorosan egy\u00fcttm\u0171k\u00f6dik a rom\u00e1n csapattal a projektadatok, statisztikai elemz\u00e9sek \u00e9s adatb\u00e1zisok kezel\u00e9s\u00e9ben. Felel\u0151s lesz a projekt weboldal\u00e1nak l\u00e9trehoz\u00e1s\u00e1ra \u00e9s biztons\u00e1g\u00e1ra kijel\u00f6lt informatikusokkal val\u00f3 egy\u00fcttm\u0171k\u00f6d\u00e9s\u00e9rt is.<\/p>\n<\/div>\n<div>\u00a0<\/div>\n<div><strong>Project Partner \u2013 Hungarian Yachting Association:<\/strong><\/div>\n<div>\u00a0<\/div>\n<div>\n<p style=\"font-weight: 400;\">2013 \u00f3ta <strong>Holczhauser Andr\u00e1s<\/strong> a Magyar Vitorl\u00e1s Sz\u00f6vets\u00e9g f\u0151titk\u00e1ra.<\/p>\n<p style=\"font-weight: 400;\">Hivatali \u00e9vei alatt a sz\u00f6vets\u00e9g k\u00f6lts\u00e9gvet\u00e9se megh\u00e1romszoroz\u00f3dott, uni\u00f3s finansz\u00edroz\u00e1s\u00fa szabadid\u0151s projektek indultak, n\u0151tt a nemzetk\u00f6zi programok sz\u00e1ma a sz\u00f6vets\u00e9gn\u00e9l, \u00e9s minden eddigin\u00e9l jobbak az \u00e9lvitorl\u00e1z\u00f3k eredm\u00e9nyei. Tan\u00e1ri hivat\u00e1sak\u00e9nt , hisz abban, hogy olyan tanul\u00e1si lehet\u0151s\u00e9geket teremt az MVSZ-en bel\u00fcl, amelyek el\u0151seg\u00edthetik a szervezet \u00e9s a vitorl\u00e1s k\u00f6z\u00f6ss\u00e9g n\u00f6veked\u00e9s\u00e9t. A \u201eVolunSailing\u201d projektben Andr\u00e1s k\u00e9pviseli a Magyar Vitorl\u00e1s Sz\u00f6vets\u00e9get f\u0151titk\u00e1rk\u00e9nt. A projekt el\u0151rehalad\u00e1s\u00e1t bemutatja az MVSZ eln\u00f6ks\u00e9g\u00e9nek, \u00e9s sz\u00fcks\u00e9g eset\u00e9n a magyar \u00e1llamtitk\u00e1rnak is. Andr\u00e1s az MVSZ-t k\u00e9pviseli az EUROSAF \u00e9s a World Sailing fel\u00e9 A munka el\u0151rehaladt\u00e1val \u00e9s amikor e szervezetek bevon\u00e1sa sz\u00fcks\u00e9gess\u00e9 v\u00e1lik, j\u00f3 kapcsolatainak k\u00f6sz\u00f6nhet\u0151en sikeresen tudunk egy\u00fcttm\u0171k\u00f6dni vel\u00fck. S\u0151t, Andr\u00e1s felel\u0151s lesz az MVSZ m\u00e9diacsoporttal val\u00f3 egy\u00fcttm\u0171k\u00f6d\u00e9s\u00e9rt a projekt hazai \u00e9s k\u00e9s\u0151bbi nemzetk\u00f6zi n\u00e9pszer\u0171s\u00edt\u00e9se ter\u00e9n.<\/p>\n<\/div>\n<div>\u00a0<\/div>\n<div>\n<p style=\"font-weight: 400;\"><strong>Fluck R\u00e9ka<\/strong> sportkoordin\u00e1tor \u00e9s a Magyar Vitorl\u00e1s Sz\u00f6vets\u00e9g irodavezet\u0151je. R\u00e9ka gondoskodik a magyar versenyir\u00e1ny\u00edt\u00e1si rendszerr\u0151l, nevezetesen a rendezv\u00e9nyek koordin\u00e1ci\u00f3j\u00e1r\u00f3l, szab\u00e1lyair\u00f3l, \u00e9rt\u00e9kel\u00e9si rendszereir\u0151l, a k\u00f6vetkez\u0151 bizotts\u00e1gokkal tartja a kapcsolatot: Versenymenedzsment, B\u00edr\u00e1l\u00f3, Technikai, Keelboat Oszt\u00e1lyok Bizotts\u00e1ga. Felel\u0151s a Magyar Vitorl\u00e1s Sz\u00f6vets\u00e9g \u00e1ltal szervezett versenyek\u00e9rt is, amelyek k\u00f6z\u00fcl az egyik a K\u00e9kszalag, amely Eur\u00f3pa leghosszabb tavakerek\u00edt\u0151 regatta. R\u00e9ka a regatt\u00e1k v\u00edzszervez\u00e9s\u00e9\u00e9rt felel\u0151s szem\u00e9lyek egyike. T\u00f6bb nemzetk\u00f6zi esem\u00e9ny szervez\u0151bizotts\u00e1g\u00e1nak is tagja, p\u00e9ld\u00e1ul: Finn Silver Cup, Melges24 Eur\u00f3pa-bajnoks\u00e1g, 420-470 ifj\u00fas\u00e1gi Eur\u00f3pa-bajnoks\u00e1g, l\u00e9zeres ifj\u00fas\u00e1gi vil\u00e1gbajnoks\u00e1g. R\u00e9ka koordin\u00e1lja a \u201eVolunSailing\u201d projektet Magyarorsz\u00e1gon. \u0150 gondoskodik a magyar rendszer bevezet\u00e9s\u00e9r\u0151l. Megvizsg\u00e1lja a h\u00e1zi \u00f6nk\u00e9ntess\u00e9g helyzet\u00e9t; bemutatja a partnerorsz\u00e1gok hazai statisztik\u00e1it \u00e9s szab\u00e1lyoz\u00f3it. Az elk\u00e9sz\u00fclt dokumentumok ford\u00edt\u00e1sa mellett megszervezi a munkacsoport m\u00e1sodik \u00fcl\u00e9s\u00e9t is, amelyet Magyarorsz\u00e1gon tartanak.<\/p>\n<\/div>\n<div>\n<div>\n<p><span lang=\"HU\"><strong>Somogyi Nikolett<\/strong> 5 \u00e9ve szervez vitorl\u00e1s versenyeket. Min\u0151s\u00edtett versenyb\u00edr\u00f3 \u00e9s versenyrendez\u0151 Magyarorsz\u00e1gon. 2020 december \u00f3ta dolgozik az MVSZ-n\u00e9l, mint sportszakmai referens. Versenyeinken \u00e1ltal\u00e1ban az eredm\u00e9nysz\u00e1m\u00edt\u00f3csapat tagja. T\u00f6bb szervez\u00e9s\u00e9ben is r\u00e9szt vett, p\u00e9ld\u00e1ul: K\u00e9kszalag, amely Magyarorsz\u00e1g legnagyobb regatta; Dragon Eur\u00f3pa-bajnoks\u00e1g \u00e9s sz\u00e1mos kisebb -nagyobb verseny k\u00fcl\u00f6nb\u00f6z\u0151 oszt\u00e1lyokban, mint p\u00e9ld\u00e1ul optimist, laser, melges24. Niki a Budapesti M\u0171szaki \u00e9s Gazdas\u00e1gtudom\u00e1ny Egyetemen diplom\u00e1zott k\u00f6zgazd\u00e1szk\u00e9nt. R\u00e9szt vett \u00f6nk\u00e9ntesek toborz\u00e1s\u00e1ban az egyetem alatt, \u00e9s r\u00e9szt vett \u00f6nk\u00e9ntes programokban is. A \u201eVolunSailing\u201d projektben \u0151 lesz a felel\u0151s az \u00f6nk\u00e9ntes munka gyakorlati szervez\u00e9s\u00e9nek bemutat\u00e1s\u00e1\u00e9rt a K\u00e9kszalag regatta sor\u00e1n.<\/span><\/p>\n<\/div>\n<\/div>\n<div>\u00a0<\/div>\n<div><strong>Mohos Katalin<\/strong>\u00a0<\/div>\n<div>\u00a0<\/div>\n<div>\u00a0<\/div>\n<div><strong>Project partner \u2013 Wind Hunters Sports Club Association<\/strong><\/div>\n<div>\u00a0<\/div>\n<div>\n<p style=\"font-weight: 400;\"><strong>Alexandru Octavian Micu<\/strong>: Wind Hunters Sportklub Egyes\u00fclet eln\u00f6ke Rom\u00e1n vitorl\u00e1s edz\u0151, 2016-ban a Vil\u00e1gvitorl\u00e1s \u00e9s Olimpiai Szolidarit\u00e1si \u00d6szt\u00f6nd\u00edj r\u00e9sztvev\u0151je. A Rom\u00e1n Vitorl\u00e1s Sz\u00f6vets\u00e9g eln\u00f6ke (2018-2020), valamint egyetemi oktat\u00f3 a Konstancai Tenger\u00e9szeti Egyetem, ahol testnevel\u00e9si \u00e9s sport\u00f3r\u00e1kat tart, tengeri gyakorlatokat, valamint vitorl\u00e1s \u00e9s kenu sportk\u00f6r\u00f6ket vezet. A Konstancai Tenger\u00e9szeti Egyetemen a k\u00f6vetkez\u0151 Erasmus+ projektekben vett r\u00e9szt: TCC-SCV, NEOCOL, SeaMap. A \u201eVolunSailing\u201d projektben Alexandru Micu lesz a felel\u0151s a rom\u00e1n partner tev\u00e9kenys\u00e9geinek ir\u00e1ny\u00edt\u00e1s\u00e1\u00e9rt.<\/p>\n<\/div>\n<div>\n<p style=\"font-weight: 400;\"><strong>Alexandru Straton<\/strong>: Egyetemi oktat\u00f3 a Konstancai Tenger\u00e9szeti Egyetemen, ahol testnevel\u00e9s \u00e9s sport, tengeri gyakorlatok leck\u00e9ket ad, valamint r\u00e9szt vesz a sportvitorl\u00e1s \u00e9s kenu k\u00f6r\u00f6k szervez\u00e9s\u00e9ben. Straton Alexandru a konstancai PhosphorGym \u00e9s SanGym Brick fitneszoktat\u00f3ja. A Konstancai Tenger\u00e9szeti Egyetemen a k\u00f6vetkez\u0151 Erasmus+ projektekben vett r\u00e9szt: TCC-SCV, NEOCOL, SeaMap. A \u201eVolunSailing\u201d projektben Alexandru Straton lesz a felel\u0151s a projekt eredm\u00e9nyadatainak kutat\u00e1s\u00e1\u00e9rt \u00e9s statisztik\u00e1k\u00e9rt.<\/p>\n<\/div>\n<div>\n<p style=\"font-weight: 400;\"><strong>Armando-Aurelian Zahariade<\/strong> Az egyes\u00fclet t\u00e9nyleges \u00f6nk\u00e9ntes tagja, \u00e9s nagyvitorla trimmerk\u00e9nt vett r\u00e9szt a Simina 2 haj\u00f3n a 2018-as \u00e9s 2019-es Rom\u00e1niai Nemzeti Offshore Bajnoks\u00e1gon. 2008-ban v\u00e9gzett a bukaresti K\u00f6zgazdas\u00e1gtudom\u00e1nyi Akad\u00e9mi\u00e1n: C\u00e9gvezet\u00e9s szakon. A Kereskedelmi, Ipari, Haj\u00f3z\u00e1si \u00e9s Mez\u0151gazdas\u00e1gi Kamara \u00e1ltal 1998-ban HoReCa asszisztens menedzser diplom\u00e1val is rendelkezik. Eddig (2020) a Konstanc\u00e1n bejegyzett Nautic Expert SRL menedzsere. A \u201eVolunSailing\u201d projektben Armando Zahariade lesz a felel\u0151s a rom\u00e1niai k\u00f6z\u00f6ss\u00e9gi m\u00e9dia csatorn\u00e1kon t\u00f6rt\u00e9n\u0151 terjeszt\u00e9si tev\u00e9kenys\u00e9gek\u00e9rt.<\/p>\n<\/div>\n\n\t\t<\/div>\n\t\t\t\t\n<style>\n#col-591813650 > .col-inner {\n  padding: 20px 10px 10px 10px;\n  margin: -50px 0px 0px 0px;\n  border-radius: 30px;\n}\n@media (min-width:550px) {\n  #col-591813650 > .col-inner {\n    padding: 50px 50px 50px 50px;\n    margin: -150px 0px 0px 0px;\n  }\n}\n<\/style>\n\t<\/div>\n\n\t\n\n<\/div>\n\n\t\t<\/div>\n\n\t\t\n<style>\n#section_982868850 {\n  padding-top: 30px;\n  padding-bottom: 30px;\n  background-color: rgb(26, 46, 94);\n}\n<\/style>\n\t<\/section>\n\t\n\n","protected":false},"excerpt":{"rendered":"","protected":false},"author":1,"featured_media":0,"parent":0,"menu_order":0,"comment_status":"closed","ping_status":"closed","template":"page-blank.php","meta":{"_bbp_topic_count":0,"_bbp_reply_count":0,"_bbp_total_topic_count":0,"_bbp_total_reply_count":0,"_bbp_voice_count":0,"_bbp_anonymous_reply_count":0,"_bbp_topic_count_hidden":0,"_bbp_reply_count_hidden":0,"_bbp_forum_subforum_count":0},"_links":{"self":[{"href":"https:\/\/volunsailing.eu\/index.php?rest_route=\/wp\/v2\/pages\/735"}],"collection":[{"href":"https:\/\/volunsailing.eu\/index.php?rest_route=\/wp\/v2\/pages"}],"about":[{"href":"https:\/\/volunsailing.eu\/index.php?rest_route=\/wp\/v2\/types\/page"}],"author":[{"embeddable":true,"href":"https:\/\/volunsailing.eu\/index.php?rest_route=\/wp\/v2\/users\/1"}],"replies":[{"embeddable":true,"href":"https:\/\/volunsailing.eu\/index.php?rest_route=%2Fwp%2Fv2%2Fcomments&post=735"}],"version-history":[{"count":27,"href":"https:\/\/volunsailing.eu\/index.php?rest_route=\/wp\/v2\/pages\/735\/revisions"}],"predecessor-version":[{"id":1202,"href":"https:\/\/volunsailing.eu\/index.php?rest_route=\/wp\/v2\/pages\/735\/revisions\/1202"}],"wp:attachment":[{"href":"https:\/\/volunsailing.eu\/index.php?rest_route=%2Fwp%2Fv2%2Fmedia&parent=735"}],"curies":[{"name":"wp","href":"https:\/\/api.w.org\/{rel}","templated":true}]}}