{"id":725,"date":"2021-12-14T10:11:09","date_gmt":"2021-12-14T10:11:09","guid":{"rendered":"https:\/\/volunsailing.eu\/?page_id=725"},"modified":"2022-12-16T15:56:35","modified_gmt":"2022-12-16T15:56:35","slug":"a-projektrol","status":"publish","type":"page","link":"https:\/\/volunsailing.eu\/?page_id=725&lang=hu","title":{"rendered":"A PROJEKTR\u0150L"},"content":{"rendered":"\n<p><\/p>\n\n\n\n\t<section class=\"section\" id=\"section_201545750\">\n\t\t<div class=\"bg section-bg fill bg-fill  \" >\n\n\t\t\t\n\t\t\t\n\t\t\t\n\n\t\t<\/div>\n\n\t\t<div class=\"section-content relative\">\n\t\t\t\n\n\n\t\t<\/div>\n\n\t\t\n<style>\n#section_201545750 {\n  padding-top: 30px;\n  padding-bottom: 30px;\n  min-height: 500px;\n}\n#section_201545750 .section-bg.bg-loaded {\n  background-image: url(https:\/\/volunsailing.eu\/wp-content\/uploads\/2021\/08\/P1039510-scaled.jpg);\n}\n<\/style>\n\t<\/section>\n\t\n\t<section class=\"section\" id=\"section_1880706705\">\n\t\t<div class=\"bg section-bg fill bg-fill  bg-loaded\" >\n\n\t\t\t\n\t\t\t\n\t\t\t\n\n\t\t<\/div>\n\n\t\t<div class=\"section-content relative\">\n\t\t\t\n\n<div class=\"row row-collapse align-center\"  id=\"row-644294550\">\n\n\n\t<div id=\"col-1350835251\" class=\"col medium-11 small-12 large-11\"  >\n\t\t\t\t<div class=\"col-inner\" style=\"background-color:rgb(255,255,255);\" >\n\t\t\t\n\t\t\t\n\n\t<div id=\"text-20735255\" class=\"text\">\n\t\t\n\n<h1 style=\"text-align: center;\"><strong><span lang=\"HU\">A PROJEKTR\u0150L<\/span><\/strong><\/h1>\n\t\t\n<style>\n#text-20735255 {\n  font-size: 1.3rem;\n}\n<\/style>\n\t<\/div>\n\t\n\t<div id=\"gap-1314772129\" class=\"gap-element clearfix\" style=\"display:block; height:auto;\">\n\t\t\n<style>\n#gap-1314772129 {\n  padding-top: 30px;\n}\n<\/style>\n\t<\/div>\n\t\n\n<p>A projekt neve \u201eVolunSailing: \u00f6nk\u00e9ntesek mobilit\u00e1s\u00e1nak t\u00e1mogat\u00e1sa a vitorl\u00e1s szervezetekben\u201d. Az Eur\u00f3pai Bizotts\u00e1g \u00e1ltal javasolt \u201e\u00f6nk\u00e9ntesek, edz\u0151k, vezet\u0151k \u00e9s non-profit sportszervezetek alkalmazottai mobilit\u00e1s\u00e1nak t\u00e1mogat\u00e1sa\u201d t\u00e9m\u00e1val foglalkozik. A p\u00e1ly\u00e1zat el\u0151z\u0151 r\u00e9sz\u00e9ben ismertetett h\u00e1rom szervezet egy\u00fctt fog m\u0171k\u00f6dni, l\u00e9trehozva \u00e9s fejlesztve a partnerek k\u00f6z\u00f6tti transznacion\u00e1lis h\u00e1l\u00f3zatot. Ez hozz\u00e1j\u00e1rul a projekt f\u0151 c\u00e9lj\u00e1nak el\u00e9r\u00e9s\u00e9hez, amely egy nemzetk\u00f6zi \u00f6nk\u00e9ntess\u00e9gi rendszer k\u00e9zik\u00f6nyv\u00e9nek elk\u00e9sz\u00edt\u00e9se vitorl\u00e1s szervezetek sz\u00e1m\u00e1ra, amely a k\u00f6vetkez\u0151ket tartalmazza:<\/p>\n<ul>\n<li>az \u00f6nk\u00e9ntess\u00e9gre vonatkoz\u00f3, az \u00f6sszes partnerorsz\u00e1gban v\u00e9grehajtott bev\u00e1lt gyakorlatok list\u00e1ja,<\/li>\n<li>egy k\u00e9zik\u00f6nyv az \u00f6nk\u00e9ntess\u00e9g hat\u00e1s\u00e1nak m\u00e9r\u00e9s\u00e9r\u0151l \u00e9s kommunik\u00e1ci\u00f3j\u00e1r\u00f3l, amely r\u00e9szletesen le\u00edrja, hogyan m\u00e9rhet\u0151 az \u00f6nk\u00e9ntess\u00e9g hat\u00e1sa, \u00e9s hogyan lehet a legjobban n\u00e9pszer\u0171s\u00edteni az \u00f6nk\u00e9ntess\u00e9get annak \u00e9rdek\u00e9ben, hogy felh\u00edvj\u00e1k a k\u00f6zv\u00e9lem\u00e9ny figyelm\u00e9t arra, hogy az \u00f6nk\u00e9ntesek milyen \u00e9rt\u00e9ket k\u00e9pviselnek a sportban,<\/li>\n<li>l\u00e9p\u00e9senk\u00e9nti \u00fatmutat\u00f3 az \u00f6nk\u00e9ntess\u00e9gi rendszerek elind\u00edt\u00e1s\u00e1hoz, amelyet azok az orsz\u00e1gok, amelyek m\u00e9g nem folytatnak ilyen tev\u00e9kenys\u00e9get, k\u00f6nnyen megismerhetn\u00e9nek \u00e9s bevezethetn\u00e9nek,<\/li>\n<li>tippek a k\u00fcl\u00f6nb\u00f6z\u0151 korcsoportokb\u00f3l \u00e9rkez\u0151 vitorl\u00e1s \u00f6nk\u00e9ntesek mobilit\u00e1s\u00e1val kapcsolatban, k\u00fcl\u00f6nb\u00f6z\u0151 eur\u00f3pai orsz\u00e1gokban,<\/li>\n<li>egy \u00f6nk\u00e9ntes rendszer elind\u00edt\u00e1s\u00e1hoz \u00e9s ki\u00e9p\u00edt\u00e9s\u00e9hez sz\u00fcks\u00e9ges, haszn\u00e1latra k\u00e9sz dokumentumok k\u00e9szlete, amelyek k\u00f6z\u00f6tt szerepel:\n<ul>\n<li>az \u00f6nk\u00e9ntes \u00e9s a szervezet k\u00f6z\u00f6tti meg\u00e1llapod\u00e1s tervezete;<\/li>\n<li>az \u00f6nk\u00e9ntes felv\u00e9tel\u00e9t k\u00f6vet\u0151en a szervezet sz\u00e1m\u00e1ra kiadand\u00f3 nyilatkozat tervezete;<\/li>\n<li>az \u00e9rt\u00e9kel\u0151 k\u00e9rd\u0151\u00edv v\u00e1zlata, amelyet az \u00f6nk\u00e9ntesnek ki kell t\u00f6ltenie a szervezettel val\u00f3 egy\u00fcttm\u0171k\u00f6d\u00e9s \u00e9rt\u00e9kel\u00e9s\u00e9hez;<\/li>\n<li>a bizony\u00edtv\u00e1ny tervezete, amelyet a szervezetnek kell ki\u00e1ll\u00edtania, amikor az \u00f6nk\u00e9ntessel val\u00f3 egy\u00fcttm\u0171k\u00f6d\u00e9s befejez\u0151dik;<\/li>\n<li>tippeket annak a szem\u00e9lynek, aki koordin\u00e1lja az \u00f6nk\u00e9ntes rendszert egy adott szervezetben.<\/li>\n<\/ul>\n<\/li>\n<\/ul>\n<p>Az \u00e1ltalunk biztos\u00edtott rendszer a lehet\u0151 legteljesebb \u00e9s haszn\u00e1latra k\u00e9sz lesz. A projekt terjeszt\u00e9se sor\u00e1n \u00f6szt\u00f6n\u00f6zni fogjuk a k\u00fcl\u00f6nb\u00f6z\u0151 vitorl\u00e1s szervezeteket az \u00e1ltalunk elk\u00e9sz\u00edtett eszk\u00f6z haszn\u00e1lat\u00e1ra. A rendszer a lehet\u0151 legsokoldal\u00fabb lesz, \u00edgy egy kisebb helyi sportklubban \u00e9s egy nagyobb szervezetben, p\u00e9ld\u00e1ul MNA-ban is alkalmazhat\u00f3 (az MNA a \u201etag\u00e1llam nemzeti hat\u00f3s\u00e1gok\u201d r\u00f6vid\u00edt\u00e9se. Ezek a World Sailing f\u0151 tagjai, \u00e9s felel\u0151sek a vitorl\u00e1z\u00e1s vil\u00e1g\u00e1t ir\u00e1ny\u00edt\u00f3 d\u00f6nt\u00e9shozatali folyamat\u00e9rt. \u0150k a vitorl\u00e1ssport nemzeti ir\u00e1ny\u00edt\u00f3 test\u00fcletei vil\u00e1gszerte). Kisebb m\u00f3dos\u00edt\u00e1sokra lehet sz\u00fcks\u00e9g az eszk\u00f6z k\u00fcl\u00f6nb\u00f6z\u0151 eur\u00f3pai orsz\u00e1gokban t\u00f6rt\u00e9n\u0151 bevezet\u00e9sekor, hogy megfeleljen a nemzeti t\u00f6rv\u00e9nyi el\u0151\u00edr\u00e1soknak, ez azonban minim\u00e1lis lesz. A rendszert azonnal let\u00f6lthet\u0151 \u00e9s megval\u00f3s\u00edthat\u00f3 form\u00e1ban tervezz\u00fck meg \u00e9s hajtjuk v\u00e9gre. Eredm\u00e9nyei lehet\u0151v\u00e9 teszik a felhaszn\u00e1l\u00f3k sz\u00e1m\u00e1ra, hogy \u00f6nk\u00e9ntes rendszert hozzanak l\u00e9tre \u00e9s nemzetk\u00f6ziv\u00e9 tegy\u00e9k az\u00e1ltal, hogy lehet\u0151s\u00e9get teremtenek a szervez\u0151knek \u00f6nk\u00e9nteseik mozg\u00f3s\u00edt\u00e1s\u00e1ra.<\/p>\n<p>Ezen t\u00falmen\u0151en egy online teret (nevezetesen egy weboldalt) hoznak l\u00e9tre a projekt v\u00e9grehajt\u00e1sa sor\u00e1n megval\u00f3s\u00edtott tapasztalatok, j\u00f3 gyakorlatok, m\u00f3dszerek \u00e9s tev\u00e9kenys\u00e9gek cser\u00e9j\u00e9re \u00e9s felhalmoz\u00e1s\u00e1ra, amelyet a partnerek haszn\u00e1lhatnak. Az on-line felhalmozott forr\u00e1sok \u00e9s dokumentumok nyilv\u00e1nosan hozz\u00e1f\u00e9rhet\u0151k lesznek, amint a projekt v\u00e9get \u00e9r, ki\u00e9rt\u00e9kelt\u00e9k \u00e9s k\u00f6zz\u00e9 teszik.<\/p>\n<p>A projekt a kor\u00e1bban le\u00edrtak szerint k\u00e9sz\u00fclt, hogy megfeleljen a jelenlegi eur\u00f3pai sportpolitik\u00e1knak. Mindenekel\u0151tt a t\u00e1rsadalmi befogad\u00e1s er\u0151s\u00edt\u00e9s\u00e9t c\u00e9lozza a sporton kereszt\u00fcl, valamint a t\u00e1rsadalmi koh\u00e9zi\u00f3 jav\u00edt\u00e1s\u00e1t az\u00e1ltal, hogy \u00f6sszehozza valamennyi koroszt\u00e1ly k\u00e9pvisel\u0151it. Er\u0151sen \u00f6szt\u00f6n\u00f6zni fogjuk a projekt\u00fcnk \u00e1ltal \u00e9rintett \u00f6sszes szervezetet, hogy minden koroszt\u00e1ly k\u00e9pvisel\u0151it vonj\u00e1k be \u00f6nk\u00e9ntes rendszer\u00fckbe.<\/p>\n<p>B\u00edzunk benne, hogy a fiatalok nagy hasznot h\u00fazhatnak a projekt eredm\u00e9nyeib\u0151l, megismerve a professzion\u00e1lis vitorl\u00e1s rendezv\u00e9nyek szervez\u00e9s\u00e9nek val\u00f3s\u00e1g\u00e1t. A sportpolitik\u00e1n kereszt\u00fcl szeretn\u00e9nk megfelelni az oktat\u00e1snak.<\/p>\n<p>A \u201eVolunSailing\u201d projekt\u00fcnk azonban nem arra ir\u00e1nyul, hogy fiatalokat mozg\u00f3s\u00edtsunk vitorl\u00e1s \u00f6nk\u00e9ntesekk\u00e9. Tudat\u00e1ban vagyunk annak, hogy a vitorl\u00e1z\u00e1s, vitorl\u00e1s esem\u00e9nyek val\u00f3s\u00e1g\u00e1t j\u00f3l ismer\u0151 id\u0151sek tapasztalata n\u00e9lk\u00fcl\u00f6zhetetlen a professzion\u00e1lis vitorl\u00e1s tev\u00e9kenys\u00e9gek megszervez\u00e9s\u00e9hez. P\u00e9ld\u00e1ul a Lengyel Statisztikai Hivatal (https:\/\/stat.gov.pl\/en\/) szerint a lengyelorsz\u00e1gi \u00f6nk\u00e9ntes munk\u00e1r\u00f3l 2016-ban v\u00e9gzett kutat\u00e1s (https:\/\/stat.gov.pl\/obszary-tematyczne\/gospodarka-spoleczna -wolontariat\/wolontariat-i-praca-niezarobkowa-na-rzecz-innych\/wolontariat-w-2016-r-,1,3.html), a 65 \u00e9v felettiek sokkal kisebb val\u00f3sz\u00edn\u0171s\u00e9ggel vesznek r\u00e9szt \u00f6nk\u00e9ntes szolg\u00e1latban, mint a fiatal \u00e9s k\u00f6z\u00e9pkor\u00fa \u00e1llampolg\u00e1rok. A nyugd\u00edjasok mind\u00f6ssze 26%-a iratkozik be b\u00e1rmilyen \u00f6nk\u00e9ntes tev\u00e9kenys\u00e9gbe. Ezt az esetet \u00fagy k\u00edv\u00e1njuk kezelni, hogy a lehet\u0151 legjobb munkak\u00f6r\u00fclm\u00e9nyeket biztos\u00edtjuk az id\u0151sebb \u00f6nk\u00e9ntesek sz\u00e1m\u00e1ra. Ez el\u0151ny\u00f6s lesz a partnerszervezetek sz\u00e1m\u00e1ra, mivel a statisztik\u00e1k azt mutatj\u00e1k, hogy az id\u0151sebb jel\u00f6ltek \u00e1ltal\u00e1ban t\u00f6bb id\u0151t t\u00f6ltenek \u00f6nk\u00e9ntes tev\u00e9kenys\u00e9ggel, mint a fiatalok. Ez pozit\u00edv hat\u00e1ssal lesz a k\u00f6zeg\u00e9szs\u00e9g\u00fcgyre \u00e9s az id\u0151sek akt\u00edv id\u0151s\u00f6d\u00e9s\u00e9re is, amelyek az Eur\u00f3pai Tan\u00e1cs legfontosabb priorit\u00e1sai k\u00f6z\u00e9 tartoznak.<\/p>\n<p>A \u201eVolunSailing\u201d projekt\u00fcnk megval\u00f3s\u00edt\u00e1si szakasz\u00e1ban azt is megvitatjuk majd, hogy mi lenne a legjobb m\u00f3dja a fogyat\u00e9kkal \u00e9l\u0151k bevon\u00e1s\u00e1nak a l\u00e9trehozott \u00f6nk\u00e9ntess\u00e9gi rendszerbe. K\u00f6sz\u00f6nhet\u0151 annak, hogy p\u00e9ld\u00e1ul Lengyelorsz\u00e1gban, a statisztik\u00e1k azt mutatj\u00e1k, hogy csak 26,3%-a fogyat\u00e9kos embereknek hajlamos beiratkozni \u00f6nk\u00e9ntes szolg\u00e1latra. Igyeksz\u00fcnk e sz\u00e1m n\u00f6vel\u00e9s\u00e9n, \u00e9s ez\u00e1ltal a t\u00e1rsadalmi befogad\u00e1s er\u0151s\u00edt\u00e9s\u00e9n dolgozni.<\/p>\n<p>M\u00e1sodszor, projekt\u00fcnk meg fog felelni a k\u00fcl\u00f6nb\u00f6z\u0151 sport\u00e1gak terjeszt\u00e9s\u00e9nek eur\u00f3pai c\u00e9lj\u00e1nak. Biztosak vagyunk abban, hogy a \u201eVolunSailing\u201d nemzetk\u00f6zi szinten is hozz\u00e1j\u00e1rul a vitorl\u00e1z\u00e1s, mint mindenki sz\u00e1m\u00e1ra el\u00e9rhet\u0151 tev\u00e9kenys\u00e9g n\u00e9pszer\u0171s\u00edt\u00e9s\u00e9hez. Ez annak k\u00f6sz\u00f6nhet\u0151, hogy a projekt sor\u00e1n \u00f6ssze\u00e1ll\u00edtott j\u00f3 gyakorlatok \u00fatmutat\u00f3ja alapj\u00e1n kialak\u00edtott \u00f6nk\u00e9ntess\u00e9gi rendszerekben b\u00e1rkit \u00f6szt\u00f6n\u00f6zni fognak a r\u00e9szv\u00e9telre. El\u0151seg\u00edtj\u00fck olyan \u00f6nk\u00e9ntes jelentkez\u0151k foglalkoztat\u00e1s\u00e1t is, akik nem rendelkeznek kor\u00e1bbi vitorl\u00e1s tapasztalattal. A rendszert \u00fagy alak\u00edtj\u00e1k ki, hogy lehet\u0151v\u00e9 tegye egy foglalkoztatott szem\u00e9ly teljes k\u00f6r\u0171 oktat\u00e1s\u00e1t, felk\u00e9sz\u00edt\u00e9s\u00e9t, \u00fagymond \u201ea null\u00e1r\u00f3l\u201d, m\u00e9g akkor is, ha nincs el\u0151zetes tud\u00e1sa, tapasztalata.<\/p>\n<p>Harmadr\u00e9szt projekt\u00fcnk \u00f6sszhangban van a sport\u00e1g fejleszt\u00e9s\u00e9nek szervezeti felt\u00e9teleinek jav\u00edt\u00e1s\u00e1val is a k\u00fcl\u00f6nb\u00f6z\u0151 vitorl\u00e1s szervezetekn\u00e9l, mely c\u00e9l az eur\u00f3pai sportpolitik\u00e1kban is elismert. Az a t\u00e9ny, hogy a projektben kifejlesztett eszk\u00f6z er\u0151sen rendszerszint\u0171 \u00e9s haszn\u00e1latra k\u00e9sz lesz, megk\u00f6nny\u00edti az \u00f6nk\u00e9ntesek toborz\u00e1s\u00e1t azon szervezetekbe, amelyek a rendszer\u00fcnk haszn\u00e1lata mellett d\u00f6ntenek. \u00c9s min\u00e9l t\u00f6bb \u00e9rintett, elk\u00f6telezett \u00f6nk\u00e9ntes dolgozik az MNA-k szervezeteiben, ann\u00e1l k\u00f6nnyebben tudj\u00e1k megtervezni \u00e9s v\u00e9grehajtani a k\u00fcl\u00f6nf\u00e9le tev\u00e9kenys\u00e9geket \u00e9s programokat. Min\u00e9l nagyobb sikerar\u00e1ny\u00fa a tervezett t\u00f6rekv\u00e9sek megval\u00f3s\u00edt\u00e1sa az MNA-kban, ann\u00e1l jobb im\u00e1zst kapnak a nyilv\u00e1noss\u00e1g el\u0151tt. A vitorl\u00e1s szervezeteknek aj\u00e1nlatos \u00f6nk\u00e9nteseket alkalmazni, hiszen hossz\u00fa t\u00e1von seg\u00edti \u0151ket k\u00f6zim\u00e1zsuk fejleszt\u00e9s\u00e9ben \u00e9s a szervezett tev\u00e9kenys\u00e9g hat\u00e9konys\u00e1g\u00e1nak n\u00f6vel\u00e9s\u00e9ben.<\/p>\n<p>Negyedszer, a \u201eVolunSailing\u201d projekt egyik, hossz\u00fa t\u00e1von el\u00e9rt eredm\u00e9nye (lehet\u0151leg m\u00e1r a nagy Egy\u00fcttm\u0171k\u00f6d\u00e9si Partners\u00e9g keretein bel\u00fcl) a nemzetk\u00f6zi vitorl\u00e1s esem\u00e9nyek lebonyol\u00edt\u00e1s\u00e1ra k\u00e9pzett \u00e9s kik\u00e9pzett nemzetk\u00f6zi \u00f6nk\u00e9ntesekb\u0151l \u00e1ll\u00f3 csapat l\u00e9trehoz\u00e1sa lesz. Ez megk\u00f6nny\u00edti a nagy nemzetk\u00f6zi sportesem\u00e9nyek, p\u00e9ld\u00e1ul Eur\u00f3pa- vagy vil\u00e1gbajnoks\u00e1gok szervez\u00e9s\u00e9t. Ez pedig az esem\u00e9nyeknek otthont ad\u00f3 orsz\u00e1gok n\u00e9pszer\u0171s\u00edt\u00e9s\u00e9hez fog vezetni.<\/p>\n<p>V\u00e9g\u00fcl, de nem utols\u00f3 sorban, projekt\u00fcnk megfelel az Eur\u00f3pai Bizotts\u00e1g \u00e1ltal 2007-ben kiadott \u201eWhite paper on Sport\u201d az \u00f6nk\u00e9ntes munk\u00e1val kapcsolatos elv\u00e1r\u00e1sokat megfogalmazott kiadv\u00e1ny\u00e1nak. <a title=\"https:\/\/eur-lex.europa.eu\/legal-content\/EN\/TXT\/PDF\/?uri=CELEX:52007DC0391&amp;from=EN\" contenteditable=\"false\" href=\"https:\/\/eur-lex.europa.eu\/legal-content\/EN\/TXT\/PDF\/?uri=CELEX:52007DC0391&amp;from=EN\">https:\/\/eur-lex.europa.eu\/legal-content\/EN\/TXT\/PDF\/?uri=CELEX:52007DC0391&amp;from=EN<\/a><\/p>\n\n\t\t<\/div>\n\t\t\t\t\n<style>\n#col-1350835251 > .col-inner {\n  padding: 20px 10px 10px 10px;\n  margin: -50px 0px 0px 0px;\n  border-radius: 30px;\n}\n@media (min-width:550px) {\n  #col-1350835251 > .col-inner {\n    padding: 50px 50px 50px 50px;\n    margin: -150px 0px 0px 0px;\n  }\n}\n<\/style>\n\t<\/div>\n\n\t\n\n<\/div>\n\n\t\t<\/div>\n\n\t\t\n<style>\n#section_1880706705 {\n  padding-top: 30px;\n  padding-bottom: 30px;\n  background-color: rgb(26, 46, 94);\n}\n<\/style>\n\t<\/section>\n\t\n\n","protected":false},"excerpt":{"rendered":"","protected":false},"author":2,"featured_media":0,"parent":0,"menu_order":0,"comment_status":"closed","ping_status":"closed","template":"page-blank.php","meta":{"_bbp_topic_count":0,"_bbp_reply_count":0,"_bbp_total_topic_count":0,"_bbp_total_reply_count":0,"_bbp_voice_count":0,"_bbp_anonymous_reply_count":0,"_bbp_topic_count_hidden":0,"_bbp_reply_count_hidden":0,"_bbp_forum_subforum_count":0},"_links":{"self":[{"href":"https:\/\/volunsailing.eu\/index.php?rest_route=\/wp\/v2\/pages\/725"}],"collection":[{"href":"https:\/\/volunsailing.eu\/index.php?rest_route=\/wp\/v2\/pages"}],"about":[{"href":"https:\/\/volunsailing.eu\/index.php?rest_route=\/wp\/v2\/types\/page"}],"author":[{"embeddable":true,"href":"https:\/\/volunsailing.eu\/index.php?rest_route=\/wp\/v2\/users\/2"}],"replies":[{"embeddable":true,"href":"https:\/\/volunsailing.eu\/index.php?rest_route=%2Fwp%2Fv2%2Fcomments&post=725"}],"version-history":[{"count":8,"href":"https:\/\/volunsailing.eu\/index.php?rest_route=\/wp\/v2\/pages\/725\/revisions"}],"predecessor-version":[{"id":1193,"href":"https:\/\/volunsailing.eu\/index.php?rest_route=\/wp\/v2\/pages\/725\/revisions\/1193"}],"wp:attachment":[{"href":"https:\/\/volunsailing.eu\/index.php?rest_route=%2Fwp%2Fv2%2Fmedia&parent=725"}],"curies":[{"name":"wp","href":"https:\/\/api.w.org\/{rel}","templated":true}]}}